{"id":8,"date":"2020-08-15T17:33:56","date_gmt":"2020-08-15T17:33:56","guid":{"rendered":"http:\/\/maiaraujo.com.br\/shazem\/?page_id=8"},"modified":"2020-08-15T21:58:12","modified_gmt":"2020-08-15T21:58:12","slug":"home","status":"publish","type":"page","link":"https:\/\/maiaraujo.com.br\/shazem\/","title":{"rendered":"Welcome and please, take a seat :)"},"content":{"rendered":"\n<p>Shazem! is a short movie created and produced by me: <a rel=\"noreferrer noopener\" href=\"http:\/\/www.maiaraujo.com.br\/\" target=\"_blank\">Maiara Ara\u00fajo<\/a>. It is my conclusion project of Voyage course of <a href=\"http:\/\/www.melies.com.br\/\">M\u00e9li\u00e8s School<\/a>, Sao Paulo, Brazil. In this website I&#8217;m going to show all the process of starting and finishing this project.<\/p>\n\n\n\n<p><a href=\"http:\/\/maiaraujo.com.br\/shazem\/blog\/\" data-type=\"URL\" data-id=\"http:\/\/maiaraujo.com.br\/shazem\/blog\/\" rel=\"noreferrer noopener\" style=\"background: #f7c60b;color: black; padding: 10px;\">Access the Blog<\/a><\/p>\n","protected":false},"excerpt":{"rendered":"<p>Shazem! is a short movie created and produced by me: Maiara Ara\u00fajo. It is my conclusion project of Voyage course of M\u00e9li\u00e8s School, Sao Paulo, Brazil. In this website I&#8217;m going to show all the process of starting and finishing this project. Access the Blog<\/p>\n","protected":false},"author":1,"featured_media":0,"parent":0,"menu_order":0,"comment_status":"closed","ping_status":"closed","template":"","meta":{"footnotes":""},"class_list":["post-8","page","type-page","status-publish","hentry"],"_links":{"self":[{"href":"https:\/\/maiaraujo.com.br\/shazem\/wp-json\/wp\/v2\/pages\/8","targetHints":{"allow":["GET"]}}],"collection":[{"href":"https:\/\/maiaraujo.com.br\/shazem\/wp-json\/wp\/v2\/pages"}],"about":[{"href":"https:\/\/maiaraujo.com.br\/shazem\/wp-json\/wp\/v2\/types\/page"}],"author":[{"embeddable":true,"href":"https:\/\/maiaraujo.com.br\/shazem\/wp-json\/wp\/v2\/users\/1"}],"replies":[{"embeddable":true,"href":"https:\/\/maiaraujo.com.br\/shazem\/wp-json\/wp\/v2\/comments?post=8"}],"version-history":[{"count":7,"href":"https:\/\/maiaraujo.com.br\/shazem\/wp-json\/wp\/v2\/pages\/8\/revisions"}],"predecessor-version":[{"id":131,"href":"https:\/\/maiaraujo.com.br\/shazem\/wp-json\/wp\/v2\/pages\/8\/revisions\/131"}],"wp:attachment":[{"href":"https:\/\/maiaraujo.com.br\/shazem\/wp-json\/wp\/v2\/media?parent=8"}],"curies":[{"name":"wp","href":"https:\/\/api.w.org\/{rel}","templated":true}]}}